{"id":83,"date":"2021-03-31T14:39:18","date_gmt":"2021-03-31T12:39:18","guid":{"rendered":"http:\/\/evalution.fr\/?page_id=83"},"modified":"2025-06-10T20:50:14","modified_gmt":"2025-06-10T18:50:14","slug":"mentions-legales","status":"publish","type":"page","link":"https:\/\/www.evalution.fr\/index.php\/mentions-legales\/","title":{"rendered":"Mentions l\u00e9gales"},"content":{"rendered":"<p>[et_pb_section fb_built=&#8221;1&#8243; _builder_version=&#8221;4.9.2&#8243; _module_preset=&#8221;default&#8221;][et_pb_row _builder_version=&#8221;4.9.2&#8243; _module_preset=&#8221;default&#8221;][et_pb_column type=&#8221;4_4&#8243; _builder_version=&#8221;4.9.2&#8243; _module_preset=&#8221;default&#8221;][et_pb_text _builder_version=&#8221;4.9.2&#8243; _module_preset=&#8221;default&#8221;]<\/p>\n<p><strong>EVALUTION<\/strong><br \/>131 boulevard Carnot 78110 Le V\u00e9sinet<br \/>+33 6 59 54 22 06<\/p>\n<p>info@evalution.fr<\/p>\n<p>&nbsp;<\/p>\n<p><strong>Directeur de la publication<\/strong><br \/>St\u00e9phane HASZNOS<\/p>\n<p>&nbsp;<\/p>\n<p><strong>Webmaster<\/strong> : Evalution<\/p>\n<p>&nbsp;<\/p>\n<p><strong>H\u00e9bergeur<\/strong><br \/>SCALEWAY ONLINE 8 RUE DE LA VILLE L&#8217;EVEQUE 75008 PARIS Siret: <span>433 115 904 00057 RCS Paris SAS au capital de 141 420\u20ac\u00a0<\/span><\/p>\n<p>&nbsp;<\/p>\n<p><strong>Donn\u00e9es personnelles<\/strong><br \/>Evalution utilise le service de mesure de Google Analytics pour les statistiques de consultation (type de navigateur, nombre de visiteurs, rubriques visit\u00e9es\u2026) afin d\u2019optimiser notre site en terme de rubriques et de navigation ; ces informations ne sont pas transmises \u00e0 des tiers. Les informations que vous saisissez sur le site www.afeaa.fr, sont enregistr\u00e9es, analys\u00e9es puis transmises aux diff\u00e9rents services concern\u00e9s. Conform\u00e9ment \u00e0 la loi Informatique et Libert\u00e9s du 6 janvier 1978 vous disposez d\u2019un droit d\u2019acc\u00e8s, de modification, de rectification et de suppression des informations vous concernant. Pour l\u2019exercer, il vous suffit de nous adresser un courrier \u00e0 :<\/p>\n<p>EVALUTION<br \/>131 boulevard Carnot 78110 Le V\u00e9sinet<\/p>\n<p>info@evalution.fr<\/p>\n<p>&nbsp;<\/p>\n<p><strong>Conditions g\u00e9n\u00e9rales d\u2019utilisation<\/strong><br \/>Le pr\u00e9sent document a pour objet de d\u00e9finir les modalit\u00e9s et conditions dans lesquelles d\u2019une part, EVALUTION, ci-apr\u00e8s d\u00e9nomm\u00e9 l\u2019\u00e9diteur, met \u00e0 la disposition de ses utilisateurs le site, et les services disponibles sur le site et d\u2019autre part, la mani\u00e8re par laquelle l\u2019utilisateur acc\u00e8de au site et utilise ses services. Toute connexion au site est subordonn\u00e9e au respect des pr\u00e9sentes conditions. Pour l\u2019utilisateur, le simple acc\u00e8s au site d&#8217;EVALUTION \u00e0 l\u2019adresse URL suivante www.evalution.fr implique l\u2019acceptation de l\u2019ensemble des conditions d\u00e9crites ci-apr\u00e8s.<\/p>\n<p>&nbsp;<\/p>\n<p><strong>Propri\u00e9t\u00e9 intellectuelle<\/strong><br \/>La structure g\u00e9n\u00e9rale du site www.afeaa.fr, ainsi que les textes, graphiques, images, sons et vid\u00e9os la composant, sont la propri\u00e9t\u00e9 de l\u2019\u00e9diteur ou de ses partenaires. Toute repr\u00e9sentation et\/ou reproduction et\/ou exploitation partielle ou totale des contenus et services propos\u00e9s par le site www.afeaa.fr par quelque proc\u00e9d\u00e9 que ce soit, sans l\u2019autorisation pr\u00e9alable et par \u00e9crit d&#8217;EVALUTION et\/ou de ses partenaires est strictement interdite et serait susceptible de constituer une contrefa\u00e7on au sens des articles L 335-2 et suivants du Code de la propri\u00e9t\u00e9 intellectuelle.<\/p>\n<p>&nbsp;<\/p>\n<p><strong>Liens hypertextes<\/strong><br \/>L\u2019existence d\u2019un lien de ce Site vers un autre site ne constitue pas une validation de ce site ou de son contenu. Il appartient \u00e0 l\u2019internaute d\u2019utiliser ces informations avec discernement et esprit critique. La responsabilit\u00e9 d&#8217;EVALUTION ne saurait \u00eatre engag\u00e9e du fait, aux informations, opinions et recommandations formul\u00e9es par des tiers. Il est possible de cr\u00e9er un lien vers la page de pr\u00e9sentation de ce site sans autorisation expresse de l\u2019\u00e9diteur. Aucune autorisation ou demande d\u2019information pr\u00e9alable ne peut \u00eatre exig\u00e9e par l\u2019\u00e9diteur \u00e0 l\u2019\u00e9gard d\u2019un site qui souhaite \u00e9tablir un lien vers le site de l\u2019\u00e9diteur. Il convient toutefois d\u2019afficher ce site dans une nouvelle fen\u00eatre du navigateur. Cependant, EVALUTION se r\u00e9serve le droit de demander la suppression d\u2019un lien qu\u2019il estime non conforme \u00e0 l\u2019objet du site www.evalution.fr<\/p>\n<p>&nbsp;<\/p>\n<p><strong>Responsabilit\u00e9 de l\u2019\u00e9diteur<\/strong><br \/>Les informations et\/ou documents figurant sur ce site et\/ou accessibles par ce site proviennent de sources consid\u00e9r\u00e9es comme \u00e9tant fiables. Toutefois, ces informations et\/ou documents sont susceptibles de contenir des inexactitudes techniques et des erreurs typographiques. EVALUTION se r\u00e9serve le droit de les corriger, d\u00e8s que ces erreurs sont port\u00e9es \u00e0 sa connaissance. Il est fortement recommand\u00e9 de v\u00e9rifier l\u2019exactitude et la pertinence des informations et\/ou documents mis \u00e0 disposition sur ce site. Les informations et\/ou documents disponibles sur ce site sont susceptibles d\u2019\u00eatre modifi\u00e9s \u00e0 tout moment, et peuvent avoir fait l\u2019objet de mises \u00e0 jour. En particulier, ils peuvent avoir fait l\u2019objet d\u2019une mise \u00e0 jour entre le moment de leur t\u00e9l\u00e9chargement et celui o\u00f9 l\u2019utilisateur en prend connaissance. L\u2019utilisation des informations et\/ou documents disponibles sur ce site se fait sous l\u2019enti\u00e8re et seule responsabilit\u00e9 de l\u2019utilisateur, qui assume la totalit\u00e9 des cons\u00e9quences pouvant en d\u00e9couler, sans que EVALUTION puisse \u00eatre recherch\u00e9e \u00e0 ce titre, et sans recours contre ce dernier. EVALUTION\u00a0ne pourra en aucun cas \u00eatre tenue responsable de tout dommage de quelque nature qu\u2019il soit r\u00e9sultant de l\u2019interpr\u00e9tation ou de l\u2019utilisation des informations et\/ou documents disponibles sur ce site.<\/p>\n<p>&nbsp;<\/p>\n<p><strong>Acc\u00e8s au site<\/strong><br \/>EVALUTION s\u2019efforce de permettre l\u2019acc\u00e8s au site 24 heures sur 24, 7 jours sur 7, sauf en cas de force majeure ou d\u2019un \u00e9v\u00e9nement hors du contr\u00f4le de l\u2019\u00e9diteur, et sous r\u00e9serve des \u00e9ventuelles pannes et interventions de maintenance n\u00e9cessaires au bon fonctionnement du site et des services. Par cons\u00e9quent, l\u2019\u00e9diteur ne peut garantir une disponibilit\u00e9 du site et\/ou des services, une fiabilit\u00e9 des transmissions et des performances en termes de temps de r\u00e9ponse ou de qualit\u00e9. Il n\u2019est pr\u00e9vu aucune assistance technique vis-\u00e0-vis de l\u2019utilisateur que ce soit par des moyens \u00e9lectroniques ou t\u00e9l\u00e9phoniques.<\/p>\n<p>&nbsp;<\/p>\n<p>La configuration requise pour l\u2019utilisation du site Internet :<\/p>\n<p>&nbsp;<\/p>\n<ul>\n<li>Internet Explorer (\u00e0 partir de la version 9) ou Edge,<\/li>\n<li>Firefox (\u00e0 partir de la version 25),<\/li>\n<li>Google Chrome (\u00e0 partir de la version 22),<\/li>\n<li>Safari (\u00e0 partir de la version 7)<\/li>\n<\/ul>\n<p>&nbsp;<\/p>\n<p>La responsabilit\u00e9 d&#8217;EVALUTION ne saurait \u00eatre engag\u00e9e en cas d\u2019impossibilit\u00e9 d\u2019acc\u00e8s \u00e0 ce site et\/ou d\u2019utilisation des services. Par ailleurs, EVALUTION peut \u00eatre amen\u00e9e \u00e0 interrompre le site ou une partie des services, \u00e0 tout moment sans pr\u00e9avis, le tout sans droit \u00e0 indemnit\u00e9s. L\u2019utilisateur reconna\u00eet et accepte qu&#8217;EVALUTION\u00a0ne soit pas responsable des interruptions et des cons\u00e9quences qui peuvent en d\u00e9couler pour l\u2019utilisateur ou tout tiers.<\/p>\n<p>&nbsp;<\/p>\n<p><strong>Modification des conditions d\u2019utilisation<\/strong><br \/>EVALUTION se r\u00e9serve la possibilit\u00e9 de modifier, \u00e0 tout moment et sans pr\u00e9avis, les pr\u00e9sentes conditions d\u2019utilisation afin de les adapter aux \u00e9volutions du site et\/ou de son exploitation.<\/p>\n<p>&nbsp;<\/p>\n<p><strong>R\u00e8gles d\u2019usage d\u2019Internet<\/strong><br \/>L\u2019utilisateur d\u00e9clare accepter les caract\u00e9ristiques et les limites d\u2019Internet, et notamment reconna\u00eet que : EVALUTIONn\u2019assume aucune responsabilit\u00e9 sur les services accessibles par Internet et n\u2019exerce aucun contr\u00f4le de quelque forme que ce soit sur la nature et les caract\u00e9ristiques des donn\u00e9es qui pourraient transiter par l\u2019interm\u00e9diaire de son centre serveur.L\u2019utilisateur reconna\u00eet que les donn\u00e9es circulant sur Internet ne sont pas prot\u00e9g\u00e9es notamment contre les d\u00e9tournements \u00e9ventuels. La pr\u00e9sence du logo EVALUTION institue une pr\u00e9somption simple de validit\u00e9. La communication de toute information jug\u00e9e par l\u2019utilisateur de nature sensible ou confidentielle se fait \u00e0 ses risques et p\u00e9rils.L\u2019utilisateur reconna\u00eet que les donn\u00e9es circulant sur Internet peuvent \u00eatre r\u00e9glement\u00e9es en termes d\u2019usage ou \u00eatre prot\u00e9g\u00e9es par un droit de propri\u00e9t\u00e9. L\u2019utilisateur est seul responsable de l\u2019usage des donn\u00e9es qu\u2019il consulte, interroge et transf\u00e8re sur Internet.L\u2019utilisateur reconna\u00eet qu&#8217;EVALUTION\u00a0ne dispose d\u2019aucun moyen de contr\u00f4le sur le contenu des services accessibles sur Internet.<\/p>\n<p>&nbsp;<\/p>\n<p><strong>Cookies<\/strong><br \/>Le site utilise des cookies pour garantir la meilleure exp\u00e9rience utilisateur.<\/p>\n<p>&nbsp;<\/p>\n<p>Pour toute question relative aux pr\u00e9sentes conditions d\u2019utilisation du site, vous pouvez nous \u00e9crire \u00e0 l\u2019adresse suivante :<\/p>\n<p>EVALUTION<br \/>131 boulevard Carnot 78110 Le V\u00e9sinet\u00a0<\/p>\n<p>info@evalution.fr<\/p>\n<p>&nbsp;<\/p>\n<p><strong>R\u00e9alisation<\/strong><br \/>EVALUTION<br \/>131 boulevard Carnot<br \/>78110 Le V\u00e9sinet<\/p>\n<p>&nbsp;<\/p>\n<p>[\/et_pb_text][\/et_pb_column][\/et_pb_row][\/et_pb_section]<\/p>\n","protected":false},"excerpt":{"rendered":"<p>[et_pb_section fb_built=&#8221;1&#8243; _builder_version=&#8221;4.9.2&#8243; _module_preset=&#8221;default&#8221;][et_pb_row _builder_version=&#8221;4.9.2&#8243; _module_preset=&#8221;default&#8221;][et_pb_column type=&#8221;4_4&#8243; _builder_version=&#8221;4.9.2&#8243; _module_preset=&#8221;default&#8221;][et_pb_text _builder_version=&#8221;4.9.2&#8243; _module_preset=&#8221;default&#8221;] EVALUTION131 boulevard Carnot 78110 Le V\u00e9sinet+33 6 59 54 22 06 info@evalution.fr &nbsp; Directeur de la publicationSt\u00e9phane HASZNOS &nbsp; Webmaster : Evalution &nbsp; H\u00e9bergeurSCALEWAY ONLINE 8 RUE DE LA VILLE L&#8217;EVEQUE 75008 PARIS Siret: 433 115 904 00057 RCS Paris SAS au capital de [&hellip;]<\/p>\n","protected":false},"author":1,"featured_media":0,"parent":0,"menu_order":0,"comment_status":"closed","ping_status":"closed","template":"","meta":{"_et_pb_use_builder":"on","_et_pb_old_content":"","_et_gb_content_width":""},"yoast_head":"<!-- This site is optimized with the Yoast SEO plugin v16.0.2 - https:\/\/yoast.com\/wordpress\/plugins\/seo\/ -->\n<title>Mentions l\u00e9gales - Evalution<\/title>\n<link rel=\"canonical\" href=\"https:\/\/www.evalution.fr\/index.php\/mentions-legales\/\" \/>\n<meta property=\"og:locale\" content=\"fr_FR\" \/>\n<meta property=\"og:type\" content=\"article\" \/>\n<meta property=\"og:title\" content=\"Mentions l\u00e9gales - Evalution\" \/>\n<meta property=\"og:description\" content=\"[et_pb_section fb_built=&#8221;1&#8243; _builder_version=&#8221;4.9.2&#8243; _module_preset=&#8221;default&#8221;][et_pb_row _builder_version=&#8221;4.9.2&#8243; _module_preset=&#8221;default&#8221;][et_pb_column type=&#8221;4_4&#8243; _builder_version=&#8221;4.9.2&#8243; _module_preset=&#8221;default&#8221;][et_pb_text _builder_version=&#8221;4.9.2&#8243; _module_preset=&#8221;default&#8221;] EVALUTION131 boulevard Carnot 78110 Le V\u00e9sinet+33 6 59 54 22 06 info@evalution.fr &nbsp; Directeur de la publicationSt\u00e9phane HASZNOS &nbsp; Webmaster : Evalution &nbsp; H\u00e9bergeurSCALEWAY ONLINE 8 RUE DE LA VILLE L&#8217;EVEQUE 75008 PARIS Siret: 433 115 904 00057 RCS Paris SAS au capital de [&hellip;]\" \/>\n<meta property=\"og:url\" content=\"https:\/\/www.evalution.fr\/index.php\/mentions-legales\/\" \/>\n<meta property=\"og:site_name\" content=\"Evalution\" \/>\n<meta property=\"article:modified_time\" content=\"2025-06-10T18:50:14+00:00\" \/>\n<meta name=\"twitter:card\" content=\"summary_large_image\" \/>\n<script type=\"application\/ld+json\" class=\"yoast-schema-graph\">{\"@context\":\"https:\/\/schema.org\",\"@graph\":[{\"@type\":\"WebSite\",\"@id\":\"https:\/\/www.evalution.fr\/#website\",\"url\":\"https:\/\/www.evalution.fr\/\",\"name\":\"Evalution\",\"description\":\"Depuis 2003 nous vous accompagnons dans votre transformation digitale !\",\"potentialAction\":[{\"@type\":\"SearchAction\",\"target\":\"https:\/\/www.evalution.fr\/?s={search_term_string}\",\"query-input\":\"required name=search_term_string\"}],\"inLanguage\":\"fr-FR\"},{\"@type\":\"WebPage\",\"@id\":\"https:\/\/www.evalution.fr\/index.php\/mentions-legales\/#webpage\",\"url\":\"https:\/\/www.evalution.fr\/index.php\/mentions-legales\/\",\"name\":\"Mentions l\\u00e9gales - Evalution\",\"isPartOf\":{\"@id\":\"https:\/\/www.evalution.fr\/#website\"},\"datePublished\":\"2021-03-31T12:39:18+00:00\",\"dateModified\":\"2025-06-10T18:50:14+00:00\",\"breadcrumb\":{\"@id\":\"https:\/\/www.evalution.fr\/index.php\/mentions-legales\/#breadcrumb\"},\"inLanguage\":\"fr-FR\",\"potentialAction\":[{\"@type\":\"ReadAction\",\"target\":[\"https:\/\/www.evalution.fr\/index.php\/mentions-legales\/\"]}]},{\"@type\":\"BreadcrumbList\",\"@id\":\"https:\/\/www.evalution.fr\/index.php\/mentions-legales\/#breadcrumb\",\"itemListElement\":[{\"@type\":\"ListItem\",\"position\":1,\"item\":{\"@type\":\"WebPage\",\"@id\":\"https:\/\/www.evalution.fr\/\",\"url\":\"https:\/\/www.evalution.fr\/\",\"name\":\"Accueil\"}},{\"@type\":\"ListItem\",\"position\":2,\"item\":{\"@type\":\"WebPage\",\"@id\":\"https:\/\/www.evalution.fr\/index.php\/mentions-legales\/\",\"url\":\"https:\/\/www.evalution.fr\/index.php\/mentions-legales\/\",\"name\":\"Mentions l\\u00e9gales\"}}]}]}<\/script>\n<!-- \/ Yoast SEO plugin. -->","_links":{"self":[{"href":"https:\/\/www.evalution.fr\/index.php\/wp-json\/wp\/v2\/pages\/83"}],"collection":[{"href":"https:\/\/www.evalution.fr\/index.php\/wp-json\/wp\/v2\/pages"}],"about":[{"href":"https:\/\/www.evalution.fr\/index.php\/wp-json\/wp\/v2\/types\/page"}],"author":[{"embeddable":true,"href":"https:\/\/www.evalution.fr\/index.php\/wp-json\/wp\/v2\/users\/1"}],"replies":[{"embeddable":true,"href":"https:\/\/www.evalution.fr\/index.php\/wp-json\/wp\/v2\/comments?post=83"}],"version-history":[{"count":10,"href":"https:\/\/www.evalution.fr\/index.php\/wp-json\/wp\/v2\/pages\/83\/revisions"}],"predecessor-version":[{"id":276,"href":"https:\/\/www.evalution.fr\/index.php\/wp-json\/wp\/v2\/pages\/83\/revisions\/276"}],"wp:attachment":[{"href":"https:\/\/www.evalution.fr\/index.php\/wp-json\/wp\/v2\/media?parent=83"}],"curies":[{"name":"wp","href":"https:\/\/api.w.org\/{rel}","templated":true}]}}